{"id":3618,"date":"2025-05-08T14:48:06","date_gmt":"2025-05-08T12:48:06","guid":{"rendered":"https:\/\/www.kaskady.sk\/ehk\/?page_id=3618"},"modified":"2025-05-16T10:38:15","modified_gmt":"2025-05-16T08:38:15","slug":"ine-ostatne","status":"publish","type":"page","link":"https:\/\/www.kaskady.sk\/ehk\/firmy-skupiny\/ine-ostatne\/","title":{"rendered":"In\u00e9 &#038; ostatn\u00e9"},"content":{"rendered":"<div class=\"wpb-content-wrapper\"><p>[vc_row css=&#8220;.vc_custom_1560778311219{margin-bottom: -20px !important;}&#8220;][vc_column css=&#8220;.vc_custom_1560779090423{padding-bottom: 40px !important;}&#8220;]<div id=\"ultimate-heading-514369f5779b60c7f\" class=\"uvc-heading ult-adjust-bottom-margin ultimate-heading-514369f5779b60c7f uvc-4269 accent-subtitle-color\" data-hspacer=\"no_spacer\"  data-halign=\"left\" style=\"text-align:left\"><div class=\"uvc-heading-spacer no_spacer\" style=\"top\"><\/div><div class=\"uvc-main-heading ult-responsive\"  data-ultimate-target='.uvc-heading.ultimate-heading-514369f5779b60c7f h3'  data-responsive-json-new='{\"font-size\":\"desktop:30px;\",\"line-height\":\"desktop:40px;\"}' ><h3 style=\"font-weight:bold;margin-bottom:5px;\">Nena\u0161li ste \u010do ste h\u013eadali?<\/h3><\/div><div class=\"uvc-sub-heading ult-responsive\"  data-ultimate-target='.uvc-heading.ultimate-heading-514369f5779b60c7f .uvc-sub-heading '  data-responsive-json-new='{\"font-size\":\"desktop:20px;\",\"line-height\":\"desktop:30px;\"}'  style=\"font-weight:normal;margin-bottom:20px;\">M\u00e1te na mysli nie\u010do in\u00e9, \u0161peci\u00e1lne &#8211; \u017eiaden probl\u00e9m.<\/div><\/div>[vc_column_text css=&#8220;&#8220;]<\/p>\n<p style=\"text-align: justify;\">Venujeme sa aj in\u00fdm, ne\u0161tandardn\u00fdm podujatiam \u2013 sk\u00faste sa informova\u0165, pravdepodobne V\u00e1m budeme vedie\u0165 vyjs\u0165 v \u00fastrety.<\/p>\n<p>Ur\u010dite stoj\u00ed za zmienku napr\u00edklad ubytov\u00e1vanie po\u010das Cyklistick\u00fdch pretekov (napr. Okolo Slovenska) alebo putuj\u00facich skup\u00edn cyklistov, \u010di \u00fa\u010dastn\u00edkov okolit\u00fdch marat\u00f3nov&#8230;[\/vc_column_text]<style type=\"text\/css\" data-type=\"the7_shortcodes-inline-css\">#default-btn-d1291cec907d51238771d13f2842c35f.ico-right-side > i {\n  margin-right: 0px;\n  margin-left: 8px;\n}\n#default-btn-d1291cec907d51238771d13f2842c35f > i {\n  margin-right: 8px;\n}<\/style><div class=\"btn-align-center\"><a href=\"https:\/\/www.kaskady.sk\/ehk\/kontakt\/\" class=\"default-btn-shortcode dt-btn dt-btn-m pulse animate-element animation-builder link-hover-off \" id=\"default-btn-d1291cec907d51238771d13f2842c35f\" style=\"width:400px;\" title=\"Kontakt\"><span>Kontaktujte n\u00e1s!<\/span><\/a><\/div>[vc_column_text css=&#8220;.vc_custom_1747384551910{padding-top: 40px !important;}&#8220;]<\/p>\n<p style=\"text-align: justify;\"><em>Ak potrebujete zorganizova\u0165 <strong>SVADBU<\/strong> alebo rodinn\u00fa <strong>OSLAVU<\/strong>, tie s\u00fa zaraden\u00e9 v ponuke pre verejnos\u0165 na tomto mieste:\u00a0\u00a0<a href=\"https:\/\/www.kaskady.sk\/ehk\/verejnost\/svadby-oslavy\/\">Svadby &amp; Oslavy<\/a>.<\/em><br \/>\n<em>Ak si chcete dohodn\u00fa\u0165 <strong>V\u00ddLETN\u00da PLAVBU<\/strong>, viac inform\u00e1ci\u00ed n\u00e1jdete v ponuke pre verejnos\u0165 na tomto mieste:\u00a0\u00a0<a href=\"https:\/\/www.kaskady.sk\/ehk\/verejnost\/plavby-lodou-pristav\/\">V\u00fdletn\u00e9 plavby<\/a>.<br \/>\n<\/em><em>Ak m\u00e1te z\u00e1ujem usporiada\u0165 <strong>\u0160PORTOV\u00c9 PODUJATIE ALEBO TURNAJ<\/strong>, viac inform\u00e1ci\u00ed n\u00e1jdete v ponuke pre verejnos\u0165 na tomto mieste: <a href=\"https:\/\/www.kaskady.sk\/ehk\/verejnost\/sportoviska\/\">\u0160portovisk\u00e1 &amp; Turnaje<\/a>.<\/em><\/p>\n<p>[\/vc_column_text][\/vc_column][\/vc_row][vc_row][vc_column css=&#8220;.vc_custom_1560778479070{padding-bottom: 50px !important;}&#8220;]<style type=\"text\/css\" data-type=\"the7_shortcodes-inline-css\">.gallery-shortcode.gallery-masonry-shortcode-id-6fd1b2dff4ca473a533d679d623fcb91 figure,\n.gallery-shortcode.gallery-masonry-shortcode-id-6fd1b2dff4ca473a533d679d623fcb91 .rollover,\n.gallery-shortcode.gallery-masonry-shortcode-id-6fd1b2dff4ca473a533d679d623fcb91 img,\n.gallery-shortcode.gallery-masonry-shortcode-id-6fd1b2dff4ca473a533d679d623fcb91 .gallery-rollover {\n  border-radius: 0px;\n}\n.gallery-shortcode.gallery-masonry-shortcode-id-6fd1b2dff4ca473a533d679d623fcb91.enable-bg-rollover .gallery-rollover {\n  background: -webkit-linear-gradient();\n  background: linear-gradient();\n}\n.gallery-shortcode.gallery-masonry-shortcode-id-6fd1b2dff4ca473a533d679d623fcb91.enable-bg-rollover.hover-scale figure .rollover:after {\n  background: -webkit-linear-gradient();\n  background: linear-gradient();\n}\n.gallery-shortcode.gallery-masonry-shortcode-id-6fd1b2dff4ca473a533d679d623fcb91 .gallery-zoom-ico {\n  width: 44px;\n  height: 44px;\n  line-height: 44px;\n  border-radius: 100px;\n  margin: -22px 0 0 -22px;\n  border-width: 0px;\n  color: #ffffff;\n}\n.dt-icon-bg-on.gallery-shortcode.gallery-masonry-shortcode-id-6fd1b2dff4ca473a533d679d623fcb91 .gallery-zoom-ico {\n  background: rgba(255,255,255,0.3);\n  box-shadow: none;\n}\n.gallery-shortcode.gallery-masonry-shortcode-id-6fd1b2dff4ca473a533d679d623fcb91 .gallery-zoom-ico:before,\n.gallery-shortcode.gallery-masonry-shortcode-id-6fd1b2dff4ca473a533d679d623fcb91 .gallery-zoom-ico span {\n  font-size: 32px;\n  line-height: 44px;\n  color: #ffffff;\n}\n.gallery-shortcode.gallery-masonry-shortcode-id-6fd1b2dff4ca473a533d679d623fcb91:not(.resize-by-browser-width) .dt-css-grid {\n  grid-row-gap: 2px;\n  grid-column-gap: 2px;\n  grid-template-columns: repeat(auto-fill,minmax(,1fr));\n}\n.gallery-shortcode.gallery-masonry-shortcode-id-6fd1b2dff4ca473a533d679d623fcb91:not(.resize-by-browser-width) .dt-css-grid .double-width {\n  grid-column: span 2;\n}\n.cssgridlegacy.no-cssgrid .gallery-shortcode.gallery-masonry-shortcode-id-6fd1b2dff4ca473a533d679d623fcb91:not(.resize-by-browser-width) .dt-css-grid,\n.no-cssgridlegacy.no-cssgrid .gallery-shortcode.gallery-masonry-shortcode-id-6fd1b2dff4ca473a533d679d623fcb91:not(.resize-by-browser-width) .dt-css-grid {\n  display: flex;\n  flex-flow: row wrap;\n  margin: -1px;\n}\n.cssgridlegacy.no-cssgrid .gallery-shortcode.gallery-masonry-shortcode-id-6fd1b2dff4ca473a533d679d623fcb91:not(.resize-by-browser-width) .dt-css-grid .wf-cell,\n.no-cssgridlegacy.no-cssgrid .gallery-shortcode.gallery-masonry-shortcode-id-6fd1b2dff4ca473a533d679d623fcb91:not(.resize-by-browser-width) .dt-css-grid .wf-cell {\n  flex: 1 0 ;\n  max-width: 100%;\n  padding: 1px;\n  box-sizing: border-box;\n}\n.gallery-shortcode.gallery-masonry-shortcode-id-6fd1b2dff4ca473a533d679d623fcb91.resize-by-browser-width .dt-css-grid {\n  grid-template-columns: repeat(2,1fr);\n  grid-template-rows: auto;\n  grid-column-gap: 2px;\n  grid-row-gap: 2px;\n}\n.gallery-shortcode.gallery-masonry-shortcode-id-6fd1b2dff4ca473a533d679d623fcb91.resize-by-browser-width .dt-css-grid .double-width {\n  grid-column: span 2;\n}\n.cssgridlegacy.no-cssgrid .gallery-shortcode.gallery-masonry-shortcode-id-6fd1b2dff4ca473a533d679d623fcb91.resize-by-browser-width .dt-css-grid {\n  margin: -1px;\n}\n.cssgridlegacy.no-cssgrid .gallery-shortcode.gallery-masonry-shortcode-id-6fd1b2dff4ca473a533d679d623fcb91.resize-by-browser-width .dt-css-grid .wf-cell {\n  width: 50%;\n  padding: 1px;\n}\n.cssgridlegacy.no-cssgrid .gallery-shortcode.gallery-masonry-shortcode-id-6fd1b2dff4ca473a533d679d623fcb91.resize-by-browser-width .dt-css-grid .wf-cell.double-width {\n  width: calc(50%) * 2;\n}\n.gallery-shortcode.gallery-masonry-shortcode-id-6fd1b2dff4ca473a533d679d623fcb91.resize-by-browser-width:not(.centered-layout-list):not(.content-bg-on) .dt-css-grid {\n  grid-row-gap: 2px - ;\n}\n@media screen and (max-width: 1199px) {\n  .gallery-shortcode.gallery-masonry-shortcode-id-6fd1b2dff4ca473a533d679d623fcb91.resize-by-browser-width .dt-css-grid {\n    grid-template-columns: repeat(2,1fr);\n  }\n  .cssgridlegacy.no-cssgrid .gallery-shortcode.gallery-masonry-shortcode-id-6fd1b2dff4ca473a533d679d623fcb91.resize-by-browser-width .dt-css-grid .wf-cell,\n  .no-cssgridlegacy.no-cssgrid .gallery-shortcode.gallery-masonry-shortcode-id-6fd1b2dff4ca473a533d679d623fcb91.resize-by-browser-width .dt-css-grid .wf-cell {\n    width: 50%;\n  }\n  .cssgridlegacy.no-cssgrid .gallery-shortcode.gallery-masonry-shortcode-id-6fd1b2dff4ca473a533d679d623fcb91.resize-by-browser-width .dt-css-grid .wf-cell.double-width,\n  .no-cssgridlegacy.no-cssgrid .gallery-shortcode.gallery-masonry-shortcode-id-6fd1b2dff4ca473a533d679d623fcb91.resize-by-browser-width .dt-css-grid .wf-cell.double-width {\n    width: calc(50%)*2;\n  }\n}\n@media screen and (max-width: 991px) {\n  .gallery-shortcode.gallery-masonry-shortcode-id-6fd1b2dff4ca473a533d679d623fcb91.resize-by-browser-width .dt-css-grid {\n    grid-template-columns: repeat(2,1fr);\n  }\n  .cssgridlegacy.no-cssgrid .gallery-shortcode.gallery-masonry-shortcode-id-6fd1b2dff4ca473a533d679d623fcb91.resize-by-browser-width .dt-css-grid .wf-cell,\n  .no-cssgridlegacy.no-cssgrid .gallery-shortcode.gallery-masonry-shortcode-id-6fd1b2dff4ca473a533d679d623fcb91.resize-by-browser-width .dt-css-grid .wf-cell {\n    width: 50%;\n  }\n  .cssgridlegacy.no-cssgrid .gallery-shortcode.gallery-masonry-shortcode-id-6fd1b2dff4ca473a533d679d623fcb91.resize-by-browser-width .dt-css-grid .wf-cell.double-width,\n  .no-cssgridlegacy.no-cssgrid .gallery-shortcode.gallery-masonry-shortcode-id-6fd1b2dff4ca473a533d679d623fcb91.resize-by-browser-width .dt-css-grid .wf-cell.double-width {\n    width: calc(50%)*2;\n  }\n}\n@media screen and (max-width: 767px) {\n  .gallery-shortcode.gallery-masonry-shortcode-id-6fd1b2dff4ca473a533d679d623fcb91.resize-by-browser-width .dt-css-grid {\n    grid-template-columns: repeat(2,1fr);\n  }\n  .cssgridlegacy.no-cssgrid .gallery-shortcode.gallery-masonry-shortcode-id-6fd1b2dff4ca473a533d679d623fcb91.resize-by-browser-width .dt-css-grid .wf-cell,\n  .no-cssgridlegacy.no-cssgrid .gallery-shortcode.gallery-masonry-shortcode-id-6fd1b2dff4ca473a533d679d623fcb91.resize-by-browser-width .dt-css-grid .wf-cell {\n    width: 50%;\n  }\n  .cssgridlegacy.no-cssgrid .gallery-shortcode.gallery-masonry-shortcode-id-6fd1b2dff4ca473a533d679d623fcb91.resize-by-browser-width .dt-css-grid .wf-cell.double-width,\n  .no-cssgridlegacy.no-cssgrid .gallery-shortcode.gallery-masonry-shortcode-id-6fd1b2dff4ca473a533d679d623fcb91.resize-by-browser-width .dt-css-grid .wf-cell.double-width {\n    width: calc(50%)*2;\n  }\n}<\/style><div class=\"gallery-shortcode dt-gallery-container gallery-masonry-shortcode-id-6fd1b2dff4ca473a533d679d623fcb91 mode-grid jquery-filter dt-icon-bg-off scale-img dt-css-grid-wrap enable-bg-rollover resize-by-browser-width  vc_custom_1746746912371 hover-fade loading-effect-none description-on-hover\" data-padding=\"1px\" data-cur-page=\"1\" data-post-limit=\"-1\" data-pagination-mode=\"none\" data-desktop-columns-num=\"2\" data-v-tablet-columns-num=\"2\" data-h-tablet-columns-num=\"2\" data-phone-columns-num=\"2\" data-width=\"0px\" data-columns=\"0\"><div class=\"dt-css-grid\" ><div class=\"wf-cell\" data-post-id=\"2154\" data-date=\"2025-04-07T15:14:33+02:00\" data-name=\"Z\u00e1pad Slnka\"><figure class=\"post visible\"><a href=\"https:\/\/www.kaskady.sk\/ehk\/wp-content\/uploads\/2025\/04\/IMG_5965-copy.jpg\" class=\"rollover dt-pswp-item layzr-bg\" data-large_image_width=\"1958\" data-large_image_height=\"1469\" data-dt-img-description=\"\" title=\"Z\u00e1pad Slnka\"><img fetchpriority=\"high\" decoding=\"async\" class=\"preload-me iso-lazy-load aspect\" src=\"data:image\/svg+xml,%3Csvg%20xmlns%3D&#39;http%3A%2F%2Fwww.w3.org%2F2000%2Fsvg&#39;%20viewBox%3D&#39;0%200%20562%20281&#39;%2F%3E\" data-src=\"https:\/\/www.kaskady.sk\/ehk\/wp-content\/uploads\/2025\/04\/IMG_5965-copy-562x281.jpg\" data-srcset=\"https:\/\/www.kaskady.sk\/ehk\/wp-content\/uploads\/2025\/04\/IMG_5965-copy-562x281.jpg 562w, https:\/\/www.kaskady.sk\/ehk\/wp-content\/uploads\/2025\/04\/IMG_5965-copy-843x422.jpg 843w\" loading=\"eager\" style=\"--ratio: 562 \/ 281\" sizes=\"(max-width: 562px) 100vw, 562px\" alt=\"\" width=\"562\" height=\"281\"  \/><span class=\"gallery-rollover\"><span class=\"gallery-zoom-ico icomoon-the7-font-the7-zoom-06\"><span><\/span><\/span><\/span><\/a><\/figure><\/div><div class=\"wf-cell\" data-post-id=\"2149\" data-date=\"2025-04-07T15:14:14+02:00\" data-name=\"Vodn\u00e9 \u0161porty\"><figure class=\"post visible\"><a href=\"https:\/\/www.kaskady.sk\/ehk\/wp-content\/uploads\/2025\/04\/DSC_4357-small-copy.jpg\" class=\"rollover dt-pswp-item layzr-bg\" data-large_image_width=\"2048\" data-large_image_height=\"1357\" data-dt-img-description=\"\" title=\"Vodn\u00e9 \u0161porty\"><img decoding=\"async\" class=\"preload-me iso-lazy-load aspect\" src=\"data:image\/svg+xml,%3Csvg%20xmlns%3D&#39;http%3A%2F%2Fwww.w3.org%2F2000%2Fsvg&#39;%20viewBox%3D&#39;0%200%20562%20281&#39;%2F%3E\" data-src=\"https:\/\/www.kaskady.sk\/ehk\/wp-content\/uploads\/2025\/04\/DSC_4357-small-copy-562x281.jpg\" data-srcset=\"https:\/\/www.kaskady.sk\/ehk\/wp-content\/uploads\/2025\/04\/DSC_4357-small-copy-562x281.jpg 562w, https:\/\/www.kaskady.sk\/ehk\/wp-content\/uploads\/2025\/04\/DSC_4357-small-copy-843x422.jpg 843w\" loading=\"eager\" style=\"--ratio: 562 \/ 281\" sizes=\"(max-width: 562px) 100vw, 562px\" alt=\"\" width=\"562\" height=\"281\"  \/><span class=\"gallery-rollover\"><span class=\"gallery-zoom-ico icomoon-the7-font-the7-zoom-06\"><span><\/span><\/span><\/span><\/a><\/figure><\/div><\/div><!-- iso-container|iso-grid --><\/div>[\/vc_column][\/vc_row]<\/p>\n<\/div>","protected":false},"excerpt":{"rendered":"<p>[vc_row css=&#8220;.vc_custom_1560778311219{margin-bottom: -20px !important;}&#8220;][vc_column css=&#8220;.vc_custom_1560779090423{padding-bottom: 40px !important;}&#8220;][vc_column_text css=&#8220;&#8220;] Venujeme sa aj in\u00fdm, ne\u0161tandardn\u00fdm podujatiam \u2013 sk\u00faste sa informova\u0165, pravdepodobne V\u00e1m budeme vedie\u0165 vyjs\u0165 v \u00fastrety. Ur\u010dite stoj\u00ed za zmienku napr\u00edklad ubytov\u00e1vanie po\u010das Cyklistick\u00fdch pretekov (napr. Okolo Slovenska) alebo putuj\u00facich skup\u00edn cyklistov, \u010di \u00fa\u010dastn\u00edkov okolit\u00fdch marat\u00f3nov&#8230;[\/vc_column_text][vc_column_text css=&#8220;.vc_custom_1747384551910{padding-top: 40px !important;}&#8220;] Ak potrebujete zorganizova\u0165 SVADBU alebo rodinn\u00fa OSLAVU,&hellip;<\/p>\n","protected":false},"author":3,"featured_media":2154,"parent":249,"menu_order":7,"comment_status":"closed","ping_status":"closed","template":"","meta":{"footnotes":""},"class_list":["post-3618","page","type-page","status-publish","has-post-thumbnail","hentry","description-off"],"yoast_head":"<!-- This site is optimized with the Yoast SEO plugin v27.4 - https:\/\/yoast.com\/product\/yoast-seo-wordpress\/ -->\n<title>In\u00e9 &amp; ostatn\u00e9 - EventHotel***\u00a0Kask\u00e1dy, Galanta<\/title>\n<meta name=\"robots\" content=\"index, follow, max-snippet:-1, max-image-preview:large, max-video-preview:-1\" \/>\n<link rel=\"canonical\" href=\"https:\/\/www.kaskady.sk\/ehk\/firmy-skupiny\/ine-ostatne\/\" \/>\n<meta property=\"og:locale\" content=\"sk_SK\" \/>\n<meta property=\"og:type\" content=\"article\" \/>\n<meta property=\"og:title\" content=\"In\u00e9 &amp; ostatn\u00e9 - EventHotel***\u00a0Kask\u00e1dy, Galanta\" \/>\n<meta property=\"og:description\" content=\"[vc_row css=&#8220;.vc_custom_1560778311219{margin-bottom: -20px !important;}&#8220;][vc_column css=&#8220;.vc_custom_1560779090423{padding-bottom: 40px !important;}&#8220;][vc_column_text css=&#8220;&#8220;] Venujeme sa aj in\u00fdm, ne\u0161tandardn\u00fdm podujatiam \u2013 sk\u00faste sa informova\u0165, pravdepodobne V\u00e1m budeme vedie\u0165 vyjs\u0165 v \u00fastrety. Ur\u010dite stoj\u00ed za zmienku napr\u00edklad ubytov\u00e1vanie po\u010das Cyklistick\u00fdch pretekov (napr. Okolo Slovenska) alebo putuj\u00facich skup\u00edn cyklistov, \u010di \u00fa\u010dastn\u00edkov okolit\u00fdch marat\u00f3nov&#8230;[\/vc_column_text][vc_column_text css=&#8220;.vc_custom_1747384551910{padding-top: 40px !important;}&#8220;] Ak potrebujete zorganizova\u0165 SVADBU alebo rodinn\u00fa OSLAVU,&hellip;\" \/>\n<meta property=\"og:url\" content=\"https:\/\/www.kaskady.sk\/ehk\/firmy-skupiny\/ine-ostatne\/\" \/>\n<meta property=\"og:site_name\" content=\"EventHotel***\u00a0Kask\u00e1dy, Galanta\" \/>\n<meta property=\"article:modified_time\" content=\"2025-05-16T08:38:15+00:00\" \/>\n<meta property=\"og:image\" content=\"https:\/\/www.kaskady.sk\/ehk\/wp-content\/uploads\/2025\/04\/IMG_5965-copy.jpg\" \/>\n\t<meta property=\"og:image:width\" content=\"1958\" \/>\n\t<meta property=\"og:image:height\" content=\"1469\" \/>\n\t<meta property=\"og:image:type\" content=\"image\/jpeg\" \/>\n<meta name=\"twitter:card\" content=\"summary_large_image\" \/>\n<meta name=\"twitter:label1\" content=\"Predpokladan\u00fd \u010das \u010d\u00edtania\" \/>\n\t<meta name=\"twitter:data1\" content=\"2 min\u00faty\" \/>\n<script type=\"application\/ld+json\" class=\"yoast-schema-graph\">{\"@context\":\"https:\\\/\\\/schema.org\",\"@graph\":[{\"@type\":\"WebPage\",\"@id\":\"https:\\\/\\\/www.kaskady.sk\\\/ehk\\\/firmy-skupiny\\\/ine-ostatne\\\/\",\"url\":\"https:\\\/\\\/www.kaskady.sk\\\/ehk\\\/firmy-skupiny\\\/ine-ostatne\\\/\",\"name\":\"In\u00e9 & ostatn\u00e9 - EventHotel***\u00a0Kask\u00e1dy, Galanta\",\"isPartOf\":{\"@id\":\"https:\\\/\\\/www.kaskady.sk\\\/ehk\\\/#website\"},\"primaryImageOfPage\":{\"@id\":\"https:\\\/\\\/www.kaskady.sk\\\/ehk\\\/firmy-skupiny\\\/ine-ostatne\\\/#primaryimage\"},\"image\":{\"@id\":\"https:\\\/\\\/www.kaskady.sk\\\/ehk\\\/firmy-skupiny\\\/ine-ostatne\\\/#primaryimage\"},\"thumbnailUrl\":\"https:\\\/\\\/www.kaskady.sk\\\/ehk\\\/wp-content\\\/uploads\\\/2025\\\/04\\\/IMG_5965-copy.jpg\",\"datePublished\":\"2025-05-08T12:48:06+00:00\",\"dateModified\":\"2025-05-16T08:38:15+00:00\",\"breadcrumb\":{\"@id\":\"https:\\\/\\\/www.kaskady.sk\\\/ehk\\\/firmy-skupiny\\\/ine-ostatne\\\/#breadcrumb\"},\"inLanguage\":\"sk-SK\",\"potentialAction\":[{\"@type\":\"ReadAction\",\"target\":[\"https:\\\/\\\/www.kaskady.sk\\\/ehk\\\/firmy-skupiny\\\/ine-ostatne\\\/\"]}]},{\"@type\":\"ImageObject\",\"inLanguage\":\"sk-SK\",\"@id\":\"https:\\\/\\\/www.kaskady.sk\\\/ehk\\\/firmy-skupiny\\\/ine-ostatne\\\/#primaryimage\",\"url\":\"https:\\\/\\\/www.kaskady.sk\\\/ehk\\\/wp-content\\\/uploads\\\/2025\\\/04\\\/IMG_5965-copy.jpg\",\"contentUrl\":\"https:\\\/\\\/www.kaskady.sk\\\/ehk\\\/wp-content\\\/uploads\\\/2025\\\/04\\\/IMG_5965-copy.jpg\",\"width\":1958,\"height\":1469,\"caption\":\"Z\u00e1pad Slnka\"},{\"@type\":\"BreadcrumbList\",\"@id\":\"https:\\\/\\\/www.kaskady.sk\\\/ehk\\\/firmy-skupiny\\\/ine-ostatne\\\/#breadcrumb\",\"itemListElement\":[{\"@type\":\"ListItem\",\"position\":1,\"name\":\"Home\",\"item\":\"https:\\\/\\\/www.kaskady.sk\\\/ehk\\\/\"},{\"@type\":\"ListItem\",\"position\":2,\"name\":\"Firmy &#038; skupiny\",\"item\":\"https:\\\/\\\/www.kaskady.sk\\\/ehk\\\/firmy-skupiny\\\/\"},{\"@type\":\"ListItem\",\"position\":3,\"name\":\"In\u00e9 &#038; ostatn\u00e9\"}]},{\"@type\":\"WebSite\",\"@id\":\"https:\\\/\\\/www.kaskady.sk\\\/ehk\\\/#website\",\"url\":\"https:\\\/\\\/www.kaskady.sk\\\/ehk\\\/\",\"name\":\"EventHotel***\u00a0Kask\u00e1dy, Galanta\",\"description\":\"Podujatia z\u00e1\u017eitkom.\",\"potentialAction\":[{\"@type\":\"SearchAction\",\"target\":{\"@type\":\"EntryPoint\",\"urlTemplate\":\"https:\\\/\\\/www.kaskady.sk\\\/ehk\\\/?s={search_term_string}\"},\"query-input\":{\"@type\":\"PropertyValueSpecification\",\"valueRequired\":true,\"valueName\":\"search_term_string\"}}],\"inLanguage\":\"sk-SK\"}]}<\/script>\n<!-- \/ Yoast SEO plugin. -->","yoast_head_json":{"title":"In\u00e9 & ostatn\u00e9 - EventHotel***\u00a0Kask\u00e1dy, Galanta","robots":{"index":"index","follow":"follow","max-snippet":"max-snippet:-1","max-image-preview":"max-image-preview:large","max-video-preview":"max-video-preview:-1"},"canonical":"https:\/\/www.kaskady.sk\/ehk\/firmy-skupiny\/ine-ostatne\/","og_locale":"sk_SK","og_type":"article","og_title":"In\u00e9 & ostatn\u00e9 - EventHotel***\u00a0Kask\u00e1dy, Galanta","og_description":"[vc_row css=&#8220;.vc_custom_1560778311219{margin-bottom: -20px !important;}&#8220;][vc_column css=&#8220;.vc_custom_1560779090423{padding-bottom: 40px !important;}&#8220;][vc_column_text css=&#8220;&#8220;] Venujeme sa aj in\u00fdm, ne\u0161tandardn\u00fdm podujatiam \u2013 sk\u00faste sa informova\u0165, pravdepodobne V\u00e1m budeme vedie\u0165 vyjs\u0165 v \u00fastrety. Ur\u010dite stoj\u00ed za zmienku napr\u00edklad ubytov\u00e1vanie po\u010das Cyklistick\u00fdch pretekov (napr. Okolo Slovenska) alebo putuj\u00facich skup\u00edn cyklistov, \u010di \u00fa\u010dastn\u00edkov okolit\u00fdch marat\u00f3nov&#8230;[\/vc_column_text][vc_column_text css=&#8220;.vc_custom_1747384551910{padding-top: 40px !important;}&#8220;] Ak potrebujete zorganizova\u0165 SVADBU alebo rodinn\u00fa OSLAVU,&hellip;","og_url":"https:\/\/www.kaskady.sk\/ehk\/firmy-skupiny\/ine-ostatne\/","og_site_name":"EventHotel***\u00a0Kask\u00e1dy, Galanta","article_modified_time":"2025-05-16T08:38:15+00:00","og_image":[{"width":1958,"height":1469,"url":"https:\/\/www.kaskady.sk\/ehk\/wp-content\/uploads\/2025\/04\/IMG_5965-copy.jpg","type":"image\/jpeg"}],"twitter_card":"summary_large_image","twitter_misc":{"Predpokladan\u00fd \u010das \u010d\u00edtania":"2 min\u00faty"},"schema":{"@context":"https:\/\/schema.org","@graph":[{"@type":"WebPage","@id":"https:\/\/www.kaskady.sk\/ehk\/firmy-skupiny\/ine-ostatne\/","url":"https:\/\/www.kaskady.sk\/ehk\/firmy-skupiny\/ine-ostatne\/","name":"In\u00e9 & ostatn\u00e9 - EventHotel***\u00a0Kask\u00e1dy, Galanta","isPartOf":{"@id":"https:\/\/www.kaskady.sk\/ehk\/#website"},"primaryImageOfPage":{"@id":"https:\/\/www.kaskady.sk\/ehk\/firmy-skupiny\/ine-ostatne\/#primaryimage"},"image":{"@id":"https:\/\/www.kaskady.sk\/ehk\/firmy-skupiny\/ine-ostatne\/#primaryimage"},"thumbnailUrl":"https:\/\/www.kaskady.sk\/ehk\/wp-content\/uploads\/2025\/04\/IMG_5965-copy.jpg","datePublished":"2025-05-08T12:48:06+00:00","dateModified":"2025-05-16T08:38:15+00:00","breadcrumb":{"@id":"https:\/\/www.kaskady.sk\/ehk\/firmy-skupiny\/ine-ostatne\/#breadcrumb"},"inLanguage":"sk-SK","potentialAction":[{"@type":"ReadAction","target":["https:\/\/www.kaskady.sk\/ehk\/firmy-skupiny\/ine-ostatne\/"]}]},{"@type":"ImageObject","inLanguage":"sk-SK","@id":"https:\/\/www.kaskady.sk\/ehk\/firmy-skupiny\/ine-ostatne\/#primaryimage","url":"https:\/\/www.kaskady.sk\/ehk\/wp-content\/uploads\/2025\/04\/IMG_5965-copy.jpg","contentUrl":"https:\/\/www.kaskady.sk\/ehk\/wp-content\/uploads\/2025\/04\/IMG_5965-copy.jpg","width":1958,"height":1469,"caption":"Z\u00e1pad Slnka"},{"@type":"BreadcrumbList","@id":"https:\/\/www.kaskady.sk\/ehk\/firmy-skupiny\/ine-ostatne\/#breadcrumb","itemListElement":[{"@type":"ListItem","position":1,"name":"Home","item":"https:\/\/www.kaskady.sk\/ehk\/"},{"@type":"ListItem","position":2,"name":"Firmy &#038; skupiny","item":"https:\/\/www.kaskady.sk\/ehk\/firmy-skupiny\/"},{"@type":"ListItem","position":3,"name":"In\u00e9 &#038; ostatn\u00e9"}]},{"@type":"WebSite","@id":"https:\/\/www.kaskady.sk\/ehk\/#website","url":"https:\/\/www.kaskady.sk\/ehk\/","name":"EventHotel***\u00a0Kask\u00e1dy, Galanta","description":"Podujatia z\u00e1\u017eitkom.","potentialAction":[{"@type":"SearchAction","target":{"@type":"EntryPoint","urlTemplate":"https:\/\/www.kaskady.sk\/ehk\/?s={search_term_string}"},"query-input":{"@type":"PropertyValueSpecification","valueRequired":true,"valueName":"search_term_string"}}],"inLanguage":"sk-SK"}]}},"_links":{"self":[{"href":"https:\/\/www.kaskady.sk\/ehk\/wp-json\/wp\/v2\/pages\/3618","targetHints":{"allow":["GET"]}}],"collection":[{"href":"https:\/\/www.kaskady.sk\/ehk\/wp-json\/wp\/v2\/pages"}],"about":[{"href":"https:\/\/www.kaskady.sk\/ehk\/wp-json\/wp\/v2\/types\/page"}],"author":[{"embeddable":true,"href":"https:\/\/www.kaskady.sk\/ehk\/wp-json\/wp\/v2\/users\/3"}],"replies":[{"embeddable":true,"href":"https:\/\/www.kaskady.sk\/ehk\/wp-json\/wp\/v2\/comments?post=3618"}],"version-history":[{"count":6,"href":"https:\/\/www.kaskady.sk\/ehk\/wp-json\/wp\/v2\/pages\/3618\/revisions"}],"predecessor-version":[{"id":4191,"href":"https:\/\/www.kaskady.sk\/ehk\/wp-json\/wp\/v2\/pages\/3618\/revisions\/4191"}],"up":[{"embeddable":true,"href":"https:\/\/www.kaskady.sk\/ehk\/wp-json\/wp\/v2\/pages\/249"}],"wp:featuredmedia":[{"embeddable":true,"href":"https:\/\/www.kaskady.sk\/ehk\/wp-json\/wp\/v2\/media\/2154"}],"wp:attachment":[{"href":"https:\/\/www.kaskady.sk\/ehk\/wp-json\/wp\/v2\/media?parent=3618"}],"curies":[{"name":"wp","href":"https:\/\/api.w.org\/{rel}","templated":true}]}}