{"id":2347,"date":"2025-04-12T16:50:42","date_gmt":"2025-04-12T14:50:42","guid":{"rendered":"https:\/\/www.kaskady.sk\/ehk\/?page_id=2347"},"modified":"2025-05-23T00:20:32","modified_gmt":"2025-05-22T22:20:32","slug":"ubytovanie","status":"publish","type":"page","link":"https:\/\/www.kaskady.sk\/ehk\/verejnost\/ubytovanie\/","title":{"rendered":"Ubytovanie pre verejnos\u0165"},"content":{"rendered":"<div class=\"wpb-content-wrapper\"><p>[vc_row][vc_column css=&#8220;.vc_custom_1560777659697{padding-bottom: 50px !important;}&#8220;]<div id=\"ultimate-heading-921069f4dc4851310\" class=\"uvc-heading ult-adjust-bottom-margin ultimate-heading-921069f4dc4851310 uvc-471 accent-subtitle-color\" data-hspacer=\"no_spacer\"  data-halign=\"left\" style=\"text-align:left\"><div class=\"uvc-heading-spacer no_spacer\" style=\"top\"><\/div><div class=\"uvc-main-heading ult-responsive\"  data-ultimate-target='.uvc-heading.ultimate-heading-921069f4dc4851310 h3'  data-responsive-json-new='{\"font-size\":\"desktop:30px;\",\"line-height\":\"desktop:40px;\"}' ><h3 style=\"font-weight:bold;margin-bottom:5px;\">Ubytovanie pre verejnos\u0165<\/h3><\/div><div class=\"uvc-sub-heading ult-responsive\"  data-ultimate-target='.uvc-heading.ultimate-heading-921069f4dc4851310 .uvc-sub-heading '  data-responsive-json-new='{\"font-size\":\"desktop:20px;\",\"line-height\":\"desktop:30px;\"}'  style=\"font-weight:normal;margin-bottom:20px;\">Ak ste \u00fa\u010dastn\u00edkmi hromadn\u00e9ho podujatia (turnaje, zrazy, stretnutia, firemn\u00e9 akcie), inform\u00e1cie o ubytovan\u00ed z\u00edskate od organiz\u00e1tora akcie. Ak si nie ste ist\u00ed, pokojne n\u00e1s kontaktujte s inform\u00e1ciou na akom stretnut\u00ed sa z\u00fa\u010dast\u0148ujete a my V\u00e1m radi poskytneme potrebn\u00e9 \u00fadaje.<\/div><\/div>[vc_column_text css=&#8220;&#8220;]<\/p>\n<p style=\"text-align: justify;\">Po\u017eiadavky na individu\u00e1lne ubytovanie rie\u0161ime v\u017edy jednotlivo. Ked\u017ee sa zameriavame najm\u00e4 na firmen\u00e9 a skupinov\u00e9 podujatia vopred sa ospravedl\u0148ujeme &#8211; nie v\u017edy vieme ubytova\u0165 individu\u00e1lnych host\u00ed v po\u010dte 1 a\u017e pribli\u017ene 6 \u013eud\u00ed.<\/p>\n<p style=\"text-align: justify;\">Ak m\u00e1te po\u017eiadavku na individu\u00e1lne ubytovanie, <strong>ur\u010dite n\u00e1m nap\u00ed\u0161te<\/strong>. My sa V\u00e1m budeme sna\u017ei\u0165 vyhovie\u0165, resp. aspo\u0148 <strong>prever\u00edme mo\u017enosti a o v\u00fdsledku V\u00e1s budeme informova\u0165.<\/strong><\/p>\n<p style=\"text-align: justify;\">Individu\u00e1lne ubytovanie naj\u010dastej\u0161ie od n\u00e1s \u017eiadaj\u00fa \u0161portovci, ryb\u00e1ri, cyklisti, n\u00e1v\u0161tevn\u00edci neda\u013eek\u00e9ho SeniorCare zariadenia&#8230; V\u0161etk\u00fdch na\u0161ich z\u00e1kazn\u00edkov si v\u00e1\u017eime a ak je to mo\u017en\u00e9, sna\u017e\u00edme sa vyjs\u0165 v \u00fastrety nielen \u010do sa t\u00fdka ubytovanie, ale aj stravovania alebo oh\u013eadom \u010dasov neskor\u00e9ho pr\u00edchodu alebo neskor\u00e9ho odchodu.<\/p>\n<p>[\/vc_column_text]<style type=\"text\/css\" data-type=\"the7_shortcodes-inline-css\">#default-btn-7d95148c5ca4a2bc43da502f81e05de0.ico-right-side > i {\n  margin-right: 0px;\n  margin-left: 8px;\n}\n#default-btn-7d95148c5ca4a2bc43da502f81e05de0 > i {\n  margin-right: 8px;\n}<\/style><div class=\"btn-align-center\"><a href=\"https:\/\/www.kaskady.sk\/ehk\/kontakt\/\" class=\"default-btn-shortcode dt-btn dt-btn-m pulse animate-element animation-builder link-hover-off  vc_custom_1747952431460\" id=\"default-btn-7d95148c5ca4a2bc43da502f81e05de0\" style=\"width:500px;\" title=\"Kontakt\"><span>Kontakty na preverenie mo\u017enosti ubytovania &#8211; ide\u00e1lne e-mailom.<\/span><\/a><\/div><style type=\"text\/css\" data-type=\"the7_shortcodes-inline-css\">.gallery-shortcode.gallery-masonry-shortcode-id-fa40a3e1636025b02b703dcc5ba373e9 figure,\n.gallery-shortcode.gallery-masonry-shortcode-id-fa40a3e1636025b02b703dcc5ba373e9 .rollover,\n.gallery-shortcode.gallery-masonry-shortcode-id-fa40a3e1636025b02b703dcc5ba373e9 img,\n.gallery-shortcode.gallery-masonry-shortcode-id-fa40a3e1636025b02b703dcc5ba373e9 .gallery-rollover {\n  border-radius: 0px;\n}\n.gallery-shortcode.gallery-masonry-shortcode-id-fa40a3e1636025b02b703dcc5ba373e9.enable-bg-rollover .gallery-rollover {\n  background: -webkit-linear-gradient();\n  background: linear-gradient();\n}\n.gallery-shortcode.gallery-masonry-shortcode-id-fa40a3e1636025b02b703dcc5ba373e9.enable-bg-rollover.hover-scale figure .rollover:after {\n  background: -webkit-linear-gradient();\n  background: linear-gradient();\n}\n.gallery-shortcode.gallery-masonry-shortcode-id-fa40a3e1636025b02b703dcc5ba373e9 .gallery-zoom-ico {\n  width: 44px;\n  height: 44px;\n  line-height: 44px;\n  border-radius: 100px;\n  margin: -22px 0 0 -22px;\n  border-width: 0px;\n  color: #ffffff;\n}\n.dt-icon-bg-on.gallery-shortcode.gallery-masonry-shortcode-id-fa40a3e1636025b02b703dcc5ba373e9 .gallery-zoom-ico {\n  background: rgba(255,255,255,0.3);\n  box-shadow: none;\n}\n.gallery-shortcode.gallery-masonry-shortcode-id-fa40a3e1636025b02b703dcc5ba373e9 .gallery-zoom-ico:before,\n.gallery-shortcode.gallery-masonry-shortcode-id-fa40a3e1636025b02b703dcc5ba373e9 .gallery-zoom-ico span {\n  font-size: 32px;\n  line-height: 44px;\n  color: #ffffff;\n}\n.gallery-shortcode.gallery-masonry-shortcode-id-fa40a3e1636025b02b703dcc5ba373e9:not(.resize-by-browser-width) .dt-css-grid {\n  grid-row-gap: 2px;\n  grid-column-gap: 2px;\n  grid-template-columns: repeat(auto-fill,minmax(,1fr));\n}\n.gallery-shortcode.gallery-masonry-shortcode-id-fa40a3e1636025b02b703dcc5ba373e9:not(.resize-by-browser-width) .dt-css-grid .double-width {\n  grid-column: span 2;\n}\n.cssgridlegacy.no-cssgrid .gallery-shortcode.gallery-masonry-shortcode-id-fa40a3e1636025b02b703dcc5ba373e9:not(.resize-by-browser-width) .dt-css-grid,\n.no-cssgridlegacy.no-cssgrid .gallery-shortcode.gallery-masonry-shortcode-id-fa40a3e1636025b02b703dcc5ba373e9:not(.resize-by-browser-width) .dt-css-grid {\n  display: flex;\n  flex-flow: row wrap;\n  margin: -1px;\n}\n.cssgridlegacy.no-cssgrid .gallery-shortcode.gallery-masonry-shortcode-id-fa40a3e1636025b02b703dcc5ba373e9:not(.resize-by-browser-width) .dt-css-grid .wf-cell,\n.no-cssgridlegacy.no-cssgrid .gallery-shortcode.gallery-masonry-shortcode-id-fa40a3e1636025b02b703dcc5ba373e9:not(.resize-by-browser-width) .dt-css-grid .wf-cell {\n  flex: 1 0 ;\n  max-width: 100%;\n  padding: 1px;\n  box-sizing: border-box;\n}\n.gallery-shortcode.gallery-masonry-shortcode-id-fa40a3e1636025b02b703dcc5ba373e9.resize-by-browser-width .dt-css-grid {\n  grid-template-columns: repeat(2,1fr);\n  grid-template-rows: auto;\n  grid-column-gap: 2px;\n  grid-row-gap: 2px;\n}\n.gallery-shortcode.gallery-masonry-shortcode-id-fa40a3e1636025b02b703dcc5ba373e9.resize-by-browser-width .dt-css-grid .double-width {\n  grid-column: span 2;\n}\n.cssgridlegacy.no-cssgrid .gallery-shortcode.gallery-masonry-shortcode-id-fa40a3e1636025b02b703dcc5ba373e9.resize-by-browser-width .dt-css-grid {\n  margin: -1px;\n}\n.cssgridlegacy.no-cssgrid .gallery-shortcode.gallery-masonry-shortcode-id-fa40a3e1636025b02b703dcc5ba373e9.resize-by-browser-width .dt-css-grid .wf-cell {\n  width: 50%;\n  padding: 1px;\n}\n.cssgridlegacy.no-cssgrid .gallery-shortcode.gallery-masonry-shortcode-id-fa40a3e1636025b02b703dcc5ba373e9.resize-by-browser-width .dt-css-grid .wf-cell.double-width {\n  width: calc(50%) * 2;\n}\n.gallery-shortcode.gallery-masonry-shortcode-id-fa40a3e1636025b02b703dcc5ba373e9.resize-by-browser-width:not(.centered-layout-list):not(.content-bg-on) .dt-css-grid {\n  grid-row-gap: 2px - ;\n}\n@media screen and (max-width: 1199px) {\n  .gallery-shortcode.gallery-masonry-shortcode-id-fa40a3e1636025b02b703dcc5ba373e9.resize-by-browser-width .dt-css-grid {\n    grid-template-columns: repeat(2,1fr);\n  }\n  .cssgridlegacy.no-cssgrid .gallery-shortcode.gallery-masonry-shortcode-id-fa40a3e1636025b02b703dcc5ba373e9.resize-by-browser-width .dt-css-grid .wf-cell,\n  .no-cssgridlegacy.no-cssgrid .gallery-shortcode.gallery-masonry-shortcode-id-fa40a3e1636025b02b703dcc5ba373e9.resize-by-browser-width .dt-css-grid .wf-cell {\n    width: 50%;\n  }\n  .cssgridlegacy.no-cssgrid .gallery-shortcode.gallery-masonry-shortcode-id-fa40a3e1636025b02b703dcc5ba373e9.resize-by-browser-width .dt-css-grid .wf-cell.double-width,\n  .no-cssgridlegacy.no-cssgrid .gallery-shortcode.gallery-masonry-shortcode-id-fa40a3e1636025b02b703dcc5ba373e9.resize-by-browser-width .dt-css-grid .wf-cell.double-width {\n    width: calc(50%)*2;\n  }\n}\n@media screen and (max-width: 991px) {\n  .gallery-shortcode.gallery-masonry-shortcode-id-fa40a3e1636025b02b703dcc5ba373e9.resize-by-browser-width .dt-css-grid {\n    grid-template-columns: repeat(2,1fr);\n  }\n  .cssgridlegacy.no-cssgrid .gallery-shortcode.gallery-masonry-shortcode-id-fa40a3e1636025b02b703dcc5ba373e9.resize-by-browser-width .dt-css-grid .wf-cell,\n  .no-cssgridlegacy.no-cssgrid .gallery-shortcode.gallery-masonry-shortcode-id-fa40a3e1636025b02b703dcc5ba373e9.resize-by-browser-width .dt-css-grid .wf-cell {\n    width: 50%;\n  }\n  .cssgridlegacy.no-cssgrid .gallery-shortcode.gallery-masonry-shortcode-id-fa40a3e1636025b02b703dcc5ba373e9.resize-by-browser-width .dt-css-grid .wf-cell.double-width,\n  .no-cssgridlegacy.no-cssgrid .gallery-shortcode.gallery-masonry-shortcode-id-fa40a3e1636025b02b703dcc5ba373e9.resize-by-browser-width .dt-css-grid .wf-cell.double-width {\n    width: calc(50%)*2;\n  }\n}\n@media screen and (max-width: 767px) {\n  .gallery-shortcode.gallery-masonry-shortcode-id-fa40a3e1636025b02b703dcc5ba373e9.resize-by-browser-width .dt-css-grid {\n    grid-template-columns: repeat(2,1fr);\n  }\n  .cssgridlegacy.no-cssgrid .gallery-shortcode.gallery-masonry-shortcode-id-fa40a3e1636025b02b703dcc5ba373e9.resize-by-browser-width .dt-css-grid .wf-cell,\n  .no-cssgridlegacy.no-cssgrid .gallery-shortcode.gallery-masonry-shortcode-id-fa40a3e1636025b02b703dcc5ba373e9.resize-by-browser-width .dt-css-grid .wf-cell {\n    width: 50%;\n  }\n  .cssgridlegacy.no-cssgrid .gallery-shortcode.gallery-masonry-shortcode-id-fa40a3e1636025b02b703dcc5ba373e9.resize-by-browser-width .dt-css-grid .wf-cell.double-width,\n  .no-cssgridlegacy.no-cssgrid .gallery-shortcode.gallery-masonry-shortcode-id-fa40a3e1636025b02b703dcc5ba373e9.resize-by-browser-width .dt-css-grid .wf-cell.double-width {\n    width: calc(50%)*2;\n  }\n}<\/style><div class=\"gallery-shortcode dt-gallery-container gallery-masonry-shortcode-id-fa40a3e1636025b02b703dcc5ba373e9 mode-grid jquery-filter dt-icon-bg-off scale-img dt-css-grid-wrap enable-bg-rollover resize-by-browser-width  vc_custom_1746746804818 hover-fade loading-effect-none description-on-hover\" data-padding=\"1px\" data-cur-page=\"1\" data-post-limit=\"-1\" data-pagination-mode=\"none\" data-desktop-columns-num=\"2\" data-v-tablet-columns-num=\"2\" data-h-tablet-columns-num=\"2\" data-phone-columns-num=\"2\" data-width=\"0px\" data-columns=\"0\"><div class=\"dt-css-grid\" ><div class=\"wf-cell\" data-post-id=\"3720\" data-date=\"2025-05-09T01:24:50+02:00\" data-name=\"Kaskady Pavilon A 4 2\"><figure class=\"post visible\"><a href=\"https:\/\/www.kaskady.sk\/ehk\/wp-content\/uploads\/2025\/05\/Kaskady-Pavilon-A-4-2.jpg\" class=\"rollover dt-pswp-item layzr-bg\" data-large_image_width=\"2560\" data-large_image_height=\"1920\" data-dt-img-description=\"\" title=\"Kaskady Pavilon A 4 2\"><img fetchpriority=\"high\" decoding=\"async\" class=\"preload-me iso-lazy-load aspect\" src=\"data:image\/svg+xml,%3Csvg%20xmlns%3D&#39;http%3A%2F%2Fwww.w3.org%2F2000%2Fsvg&#39;%20viewBox%3D&#39;0%200%20562%20281&#39;%2F%3E\" data-src=\"https:\/\/www.kaskady.sk\/ehk\/wp-content\/uploads\/2025\/05\/Kaskady-Pavilon-A-4-2-562x281.jpg\" data-srcset=\"https:\/\/www.kaskady.sk\/ehk\/wp-content\/uploads\/2025\/05\/Kaskady-Pavilon-A-4-2-562x281.jpg 562w, https:\/\/www.kaskady.sk\/ehk\/wp-content\/uploads\/2025\/05\/Kaskady-Pavilon-A-4-2-843x422.jpg 843w\" loading=\"eager\" style=\"--ratio: 562 \/ 281\" sizes=\"(max-width: 562px) 100vw, 562px\" alt=\"\" width=\"562\" height=\"281\"  \/><span class=\"gallery-rollover\"><span class=\"gallery-zoom-ico icomoon-the7-font-the7-zoom-06\"><span><\/span><\/span><\/span><\/a><\/figure><\/div><div class=\"wf-cell\" data-post-id=\"3719\" data-date=\"2025-05-09T01:24:43+02:00\" data-name=\"Kaskady Pavilon A 1 2\"><figure class=\"post visible\"><a href=\"https:\/\/www.kaskady.sk\/ehk\/wp-content\/uploads\/2025\/05\/Kaskady-Pavilon-A-1-2.jpg\" class=\"rollover dt-pswp-item layzr-bg\" data-large_image_width=\"2560\" data-large_image_height=\"1213\" data-dt-img-description=\"\" title=\"Kaskady Pavilon A 1 2\"><img decoding=\"async\" class=\"preload-me iso-lazy-load aspect\" src=\"data:image\/svg+xml,%3Csvg%20xmlns%3D&#39;http%3A%2F%2Fwww.w3.org%2F2000%2Fsvg&#39;%20viewBox%3D&#39;0%200%20562%20281&#39;%2F%3E\" data-src=\"https:\/\/www.kaskady.sk\/ehk\/wp-content\/uploads\/2025\/05\/Kaskady-Pavilon-A-1-2-562x281.jpg\" data-srcset=\"https:\/\/www.kaskady.sk\/ehk\/wp-content\/uploads\/2025\/05\/Kaskady-Pavilon-A-1-2-562x281.jpg 562w, https:\/\/www.kaskady.sk\/ehk\/wp-content\/uploads\/2025\/05\/Kaskady-Pavilon-A-1-2-843x422.jpg 843w\" loading=\"eager\" style=\"--ratio: 562 \/ 281\" sizes=\"(max-width: 562px) 100vw, 562px\" alt=\"\" width=\"562\" height=\"281\"  \/><span class=\"gallery-rollover\"><span class=\"gallery-zoom-ico icomoon-the7-font-the7-zoom-06\"><span><\/span><\/span><\/span><\/a><\/figure><\/div><\/div><!-- iso-container|iso-grid --><\/div>[\/vc_column][\/vc_row]<\/p>\n<\/div>","protected":false},"excerpt":{"rendered":"<p>[vc_row][vc_column css=&#8220;.vc_custom_1560777659697{padding-bottom: 50px !important;}&#8220;][vc_column_text css=&#8220;&#8220;] Po\u017eiadavky na individu\u00e1lne ubytovanie rie\u0161ime v\u017edy jednotlivo. Ked\u017ee sa zameriavame najm\u00e4 na firmen\u00e9 a skupinov\u00e9 podujatia vopred sa ospravedl\u0148ujeme &#8211; nie v\u017edy vieme ubytova\u0165 individu\u00e1lnych host\u00ed v po\u010dte 1 a\u017e pribli\u017ene 6 \u013eud\u00ed. Ak m\u00e1te po\u017eiadavku na individu\u00e1lne ubytovanie, ur\u010dite n\u00e1m nap\u00ed\u0161te. My sa V\u00e1m budeme sna\u017ei\u0165 vyhovie\u0165, resp. aspo\u0148&hellip;<\/p>\n","protected":false},"author":3,"featured_media":3720,"parent":2346,"menu_order":1,"comment_status":"closed","ping_status":"closed","template":"","meta":{"footnotes":""},"class_list":["post-2347","page","type-page","status-publish","has-post-thumbnail","hentry","description-off"],"yoast_head":"<!-- This site is optimized with the Yoast SEO plugin v27.4 - https:\/\/yoast.com\/product\/yoast-seo-wordpress\/ -->\n<title>Ubytovanie pre verejnos\u0165 - EventHotel***\u00a0Kask\u00e1dy, Galanta<\/title>\n<meta name=\"robots\" content=\"index, follow, max-snippet:-1, max-image-preview:large, max-video-preview:-1\" \/>\n<link rel=\"canonical\" href=\"https:\/\/www.kaskady.sk\/ehk\/verejnost\/ubytovanie\/\" \/>\n<meta property=\"og:locale\" content=\"sk_SK\" \/>\n<meta property=\"og:type\" content=\"article\" \/>\n<meta property=\"og:title\" content=\"Ubytovanie pre verejnos\u0165 - EventHotel***\u00a0Kask\u00e1dy, Galanta\" \/>\n<meta property=\"og:description\" content=\"[vc_row][vc_column css=&#8220;.vc_custom_1560777659697{padding-bottom: 50px !important;}&#8220;][vc_column_text css=&#8220;&#8220;] Po\u017eiadavky na individu\u00e1lne ubytovanie rie\u0161ime v\u017edy jednotlivo. Ked\u017ee sa zameriavame najm\u00e4 na firmen\u00e9 a skupinov\u00e9 podujatia vopred sa ospravedl\u0148ujeme &#8211; nie v\u017edy vieme ubytova\u0165 individu\u00e1lnych host\u00ed v po\u010dte 1 a\u017e pribli\u017ene 6 \u013eud\u00ed. Ak m\u00e1te po\u017eiadavku na individu\u00e1lne ubytovanie, ur\u010dite n\u00e1m nap\u00ed\u0161te. My sa V\u00e1m budeme sna\u017ei\u0165 vyhovie\u0165, resp. aspo\u0148&hellip;\" \/>\n<meta property=\"og:url\" content=\"https:\/\/www.kaskady.sk\/ehk\/verejnost\/ubytovanie\/\" \/>\n<meta property=\"og:site_name\" content=\"EventHotel***\u00a0Kask\u00e1dy, Galanta\" \/>\n<meta property=\"article:modified_time\" content=\"2025-05-22T22:20:32+00:00\" \/>\n<meta property=\"og:image\" content=\"https:\/\/www.kaskady.sk\/ehk\/wp-content\/uploads\/2025\/05\/Kaskady-Pavilon-A-4-2.jpg\" \/>\n\t<meta property=\"og:image:width\" content=\"2560\" \/>\n\t<meta property=\"og:image:height\" content=\"1920\" \/>\n\t<meta property=\"og:image:type\" content=\"image\/jpeg\" \/>\n<meta name=\"twitter:card\" content=\"summary_large_image\" \/>\n<meta name=\"twitter:label1\" content=\"Predpokladan\u00fd \u010das \u010d\u00edtania\" \/>\n\t<meta name=\"twitter:data1\" content=\"2 min\u00faty\" \/>\n<script type=\"application\/ld+json\" class=\"yoast-schema-graph\">{\"@context\":\"https:\\\/\\\/schema.org\",\"@graph\":[{\"@type\":\"WebPage\",\"@id\":\"https:\\\/\\\/www.kaskady.sk\\\/ehk\\\/verejnost\\\/ubytovanie\\\/\",\"url\":\"https:\\\/\\\/www.kaskady.sk\\\/ehk\\\/verejnost\\\/ubytovanie\\\/\",\"name\":\"Ubytovanie pre verejnos\u0165 - EventHotel***\u00a0Kask\u00e1dy, Galanta\",\"isPartOf\":{\"@id\":\"https:\\\/\\\/www.kaskady.sk\\\/ehk\\\/#website\"},\"primaryImageOfPage\":{\"@id\":\"https:\\\/\\\/www.kaskady.sk\\\/ehk\\\/verejnost\\\/ubytovanie\\\/#primaryimage\"},\"image\":{\"@id\":\"https:\\\/\\\/www.kaskady.sk\\\/ehk\\\/verejnost\\\/ubytovanie\\\/#primaryimage\"},\"thumbnailUrl\":\"https:\\\/\\\/www.kaskady.sk\\\/ehk\\\/wp-content\\\/uploads\\\/2025\\\/05\\\/Kaskady-Pavilon-A-4-2.jpg\",\"datePublished\":\"2025-04-12T14:50:42+00:00\",\"dateModified\":\"2025-05-22T22:20:32+00:00\",\"breadcrumb\":{\"@id\":\"https:\\\/\\\/www.kaskady.sk\\\/ehk\\\/verejnost\\\/ubytovanie\\\/#breadcrumb\"},\"inLanguage\":\"sk-SK\",\"potentialAction\":[{\"@type\":\"ReadAction\",\"target\":[\"https:\\\/\\\/www.kaskady.sk\\\/ehk\\\/verejnost\\\/ubytovanie\\\/\"]}]},{\"@type\":\"ImageObject\",\"inLanguage\":\"sk-SK\",\"@id\":\"https:\\\/\\\/www.kaskady.sk\\\/ehk\\\/verejnost\\\/ubytovanie\\\/#primaryimage\",\"url\":\"https:\\\/\\\/www.kaskady.sk\\\/ehk\\\/wp-content\\\/uploads\\\/2025\\\/05\\\/Kaskady-Pavilon-A-4-2.jpg\",\"contentUrl\":\"https:\\\/\\\/www.kaskady.sk\\\/ehk\\\/wp-content\\\/uploads\\\/2025\\\/05\\\/Kaskady-Pavilon-A-4-2.jpg\",\"width\":2560,\"height\":1920},{\"@type\":\"BreadcrumbList\",\"@id\":\"https:\\\/\\\/www.kaskady.sk\\\/ehk\\\/verejnost\\\/ubytovanie\\\/#breadcrumb\",\"itemListElement\":[{\"@type\":\"ListItem\",\"position\":1,\"name\":\"Home\",\"item\":\"https:\\\/\\\/www.kaskady.sk\\\/ehk\\\/\"},{\"@type\":\"ListItem\",\"position\":2,\"name\":\"Verejnos\u0165\",\"item\":\"https:\\\/\\\/www.kaskady.sk\\\/ehk\\\/verejnost\\\/\"},{\"@type\":\"ListItem\",\"position\":3,\"name\":\"Ubytovanie pre verejnos\u0165\"}]},{\"@type\":\"WebSite\",\"@id\":\"https:\\\/\\\/www.kaskady.sk\\\/ehk\\\/#website\",\"url\":\"https:\\\/\\\/www.kaskady.sk\\\/ehk\\\/\",\"name\":\"EventHotel***\u00a0Kask\u00e1dy, Galanta\",\"description\":\"Podujatia z\u00e1\u017eitkom.\",\"potentialAction\":[{\"@type\":\"SearchAction\",\"target\":{\"@type\":\"EntryPoint\",\"urlTemplate\":\"https:\\\/\\\/www.kaskady.sk\\\/ehk\\\/?s={search_term_string}\"},\"query-input\":{\"@type\":\"PropertyValueSpecification\",\"valueRequired\":true,\"valueName\":\"search_term_string\"}}],\"inLanguage\":\"sk-SK\"}]}<\/script>\n<!-- \/ Yoast SEO plugin. -->","yoast_head_json":{"title":"Ubytovanie pre verejnos\u0165 - EventHotel***\u00a0Kask\u00e1dy, Galanta","robots":{"index":"index","follow":"follow","max-snippet":"max-snippet:-1","max-image-preview":"max-image-preview:large","max-video-preview":"max-video-preview:-1"},"canonical":"https:\/\/www.kaskady.sk\/ehk\/verejnost\/ubytovanie\/","og_locale":"sk_SK","og_type":"article","og_title":"Ubytovanie pre verejnos\u0165 - EventHotel***\u00a0Kask\u00e1dy, Galanta","og_description":"[vc_row][vc_column css=&#8220;.vc_custom_1560777659697{padding-bottom: 50px !important;}&#8220;][vc_column_text css=&#8220;&#8220;] Po\u017eiadavky na individu\u00e1lne ubytovanie rie\u0161ime v\u017edy jednotlivo. Ked\u017ee sa zameriavame najm\u00e4 na firmen\u00e9 a skupinov\u00e9 podujatia vopred sa ospravedl\u0148ujeme &#8211; nie v\u017edy vieme ubytova\u0165 individu\u00e1lnych host\u00ed v po\u010dte 1 a\u017e pribli\u017ene 6 \u013eud\u00ed. Ak m\u00e1te po\u017eiadavku na individu\u00e1lne ubytovanie, ur\u010dite n\u00e1m nap\u00ed\u0161te. My sa V\u00e1m budeme sna\u017ei\u0165 vyhovie\u0165, resp. aspo\u0148&hellip;","og_url":"https:\/\/www.kaskady.sk\/ehk\/verejnost\/ubytovanie\/","og_site_name":"EventHotel***\u00a0Kask\u00e1dy, Galanta","article_modified_time":"2025-05-22T22:20:32+00:00","og_image":[{"width":2560,"height":1920,"url":"https:\/\/www.kaskady.sk\/ehk\/wp-content\/uploads\/2025\/05\/Kaskady-Pavilon-A-4-2.jpg","type":"image\/jpeg"}],"twitter_card":"summary_large_image","twitter_misc":{"Predpokladan\u00fd \u010das \u010d\u00edtania":"2 min\u00faty"},"schema":{"@context":"https:\/\/schema.org","@graph":[{"@type":"WebPage","@id":"https:\/\/www.kaskady.sk\/ehk\/verejnost\/ubytovanie\/","url":"https:\/\/www.kaskady.sk\/ehk\/verejnost\/ubytovanie\/","name":"Ubytovanie pre verejnos\u0165 - EventHotel***\u00a0Kask\u00e1dy, Galanta","isPartOf":{"@id":"https:\/\/www.kaskady.sk\/ehk\/#website"},"primaryImageOfPage":{"@id":"https:\/\/www.kaskady.sk\/ehk\/verejnost\/ubytovanie\/#primaryimage"},"image":{"@id":"https:\/\/www.kaskady.sk\/ehk\/verejnost\/ubytovanie\/#primaryimage"},"thumbnailUrl":"https:\/\/www.kaskady.sk\/ehk\/wp-content\/uploads\/2025\/05\/Kaskady-Pavilon-A-4-2.jpg","datePublished":"2025-04-12T14:50:42+00:00","dateModified":"2025-05-22T22:20:32+00:00","breadcrumb":{"@id":"https:\/\/www.kaskady.sk\/ehk\/verejnost\/ubytovanie\/#breadcrumb"},"inLanguage":"sk-SK","potentialAction":[{"@type":"ReadAction","target":["https:\/\/www.kaskady.sk\/ehk\/verejnost\/ubytovanie\/"]}]},{"@type":"ImageObject","inLanguage":"sk-SK","@id":"https:\/\/www.kaskady.sk\/ehk\/verejnost\/ubytovanie\/#primaryimage","url":"https:\/\/www.kaskady.sk\/ehk\/wp-content\/uploads\/2025\/05\/Kaskady-Pavilon-A-4-2.jpg","contentUrl":"https:\/\/www.kaskady.sk\/ehk\/wp-content\/uploads\/2025\/05\/Kaskady-Pavilon-A-4-2.jpg","width":2560,"height":1920},{"@type":"BreadcrumbList","@id":"https:\/\/www.kaskady.sk\/ehk\/verejnost\/ubytovanie\/#breadcrumb","itemListElement":[{"@type":"ListItem","position":1,"name":"Home","item":"https:\/\/www.kaskady.sk\/ehk\/"},{"@type":"ListItem","position":2,"name":"Verejnos\u0165","item":"https:\/\/www.kaskady.sk\/ehk\/verejnost\/"},{"@type":"ListItem","position":3,"name":"Ubytovanie pre verejnos\u0165"}]},{"@type":"WebSite","@id":"https:\/\/www.kaskady.sk\/ehk\/#website","url":"https:\/\/www.kaskady.sk\/ehk\/","name":"EventHotel***\u00a0Kask\u00e1dy, Galanta","description":"Podujatia z\u00e1\u017eitkom.","potentialAction":[{"@type":"SearchAction","target":{"@type":"EntryPoint","urlTemplate":"https:\/\/www.kaskady.sk\/ehk\/?s={search_term_string}"},"query-input":{"@type":"PropertyValueSpecification","valueRequired":true,"valueName":"search_term_string"}}],"inLanguage":"sk-SK"}]}},"_links":{"self":[{"href":"https:\/\/www.kaskady.sk\/ehk\/wp-json\/wp\/v2\/pages\/2347","targetHints":{"allow":["GET"]}}],"collection":[{"href":"https:\/\/www.kaskady.sk\/ehk\/wp-json\/wp\/v2\/pages"}],"about":[{"href":"https:\/\/www.kaskady.sk\/ehk\/wp-json\/wp\/v2\/types\/page"}],"author":[{"embeddable":true,"href":"https:\/\/www.kaskady.sk\/ehk\/wp-json\/wp\/v2\/users\/3"}],"replies":[{"embeddable":true,"href":"https:\/\/www.kaskady.sk\/ehk\/wp-json\/wp\/v2\/comments?post=2347"}],"version-history":[{"count":6,"href":"https:\/\/www.kaskady.sk\/ehk\/wp-json\/wp\/v2\/pages\/2347\/revisions"}],"predecessor-version":[{"id":4528,"href":"https:\/\/www.kaskady.sk\/ehk\/wp-json\/wp\/v2\/pages\/2347\/revisions\/4528"}],"up":[{"embeddable":true,"href":"https:\/\/www.kaskady.sk\/ehk\/wp-json\/wp\/v2\/pages\/2346"}],"wp:featuredmedia":[{"embeddable":true,"href":"https:\/\/www.kaskady.sk\/ehk\/wp-json\/wp\/v2\/media\/3720"}],"wp:attachment":[{"href":"https:\/\/www.kaskady.sk\/ehk\/wp-json\/wp\/v2\/media?parent=2347"}],"curies":[{"name":"wp","href":"https:\/\/api.w.org\/{rel}","templated":true}]}}