{"id":1207,"date":"2018-11-16T16:11:39","date_gmt":"2018-11-16T16:11:39","guid":{"rendered":"https:\/\/www.kaskady.sk\/ehk\/index.php\/services\/graphic-design\/"},"modified":"2025-05-16T10:18:02","modified_gmt":"2025-05-16T08:18:02","slug":"stravovanie","status":"publish","type":"page","link":"https:\/\/www.kaskady.sk\/ehk\/firmy-skupiny\/stravovanie\/","title":{"rendered":"Stravovanie pre firmy &#038; skupiny"},"content":{"rendered":"<div class=\"wpb-content-wrapper\"><p>[vc_row css=&#8220;.vc_custom_1560778311219{margin-bottom: -20px !important;}&#8220;][vc_column css=&#8220;.vc_custom_1560779090423{padding-bottom: 40px !important;}&#8220;]<div id=\"ultimate-heading-186069f5921e2120e\" class=\"uvc-heading ult-adjust-bottom-margin ultimate-heading-186069f5921e2120e uvc-2888 accent-subtitle-color\" data-hspacer=\"no_spacer\"  data-halign=\"left\" style=\"text-align:left\"><div class=\"uvc-heading-spacer no_spacer\" style=\"top\"><\/div><div class=\"uvc-main-heading ult-responsive\"  data-ultimate-target='.uvc-heading.ultimate-heading-186069f5921e2120e h3'  data-responsive-json-new='{\"font-size\":\"desktop:30px;\",\"line-height\":\"desktop:40px;\"}' ><h3 style=\"font-weight:bold;margin-bottom:5px;\">Stravovanie - klasika, grill, steaky - ale aj vegetari\u00e1nske \u010di veg\u00e1nske \u0161peciality<\/h3><\/div><div class=\"uvc-sub-heading ult-responsive\"  data-ultimate-target='.uvc-heading.ultimate-heading-186069f5921e2120e .uvc-sub-heading '  data-responsive-json-new='{\"font-size\":\"desktop:20px;\",\"line-height\":\"desktop:30px;\"}'  style=\"font-weight:normal;margin-bottom:20px;\">Pre firmy, in\u0161tit\u00facie, neziskov\u00e9 a ob\u010dianske zdru\u017eenia, z\u00e1jazdy, organizovan\u00e9 skupiny \u2026<\/div><\/div>[vc_column_text css=&#8220;&#8220;]<\/p>\n<p style=\"text-align: justify;\">Ponuku gastron\u00f3mie vieme prisp\u00f4sobi\u0165 na mieru Va\u0161im potreb\u00e1m. Od sl\u00e1vnostnej ve\u010dere a\u017e po opeka\u010dku, grilova\u010dku vo Va\u0161ich ruk\u00e1ch. Na niektor\u00e9 podujatia je vhodn\u00fd <strong>ob\u013e\u00faben\u00fd kompromis &#8211; nami pripraven\u00e1 grilova\u010dka<\/strong> pon\u00faknut\u00e1 v tepl\u00fdch pultoch &#8211; nem\u00e1te teda \u017eiadne starosti, o v\u0161etko sa postar\u00e1me&#8230; Inokedy je to serv\u00edrovan\u00e9 jedlo alebo \u0161v\u00e9dske stoly. Konkr\u00e9tne menu nech\u00e1me na V\u00e1s, radi v\u0161ak navrhneme obvykl\u00fa alebo vhodn\u00fa ponuku.<\/p>\n<p style=\"text-align: justify;\"><em>Vieme sa prisp\u00f4sobi\u0165 aj \u010dasovej tiesni &#8211; v pribeheu 45min\u00fat vieme vyda\u0165 a\u017e 400 porci\u00ed.<\/em><\/p>\n<p style=\"text-align: justify;\">Obdobne je to aj s <strong>ponukou n\u00e1pojov<\/strong> &#8211; pokojne formou samoobsluhy alebo individu\u00e1lnych objedn\u00e1vok v bare, popr\u00edpade kombin\u00e1cia. N\u00e1jdeme rie\u0161enie.<\/p>\n<p style=\"text-align: justify;\">V pr\u00edpade, \u017ee nevyu\u017eijete na\u0161u ponuku uzavretej spolo\u010dnosti, Va\u0161ich zamestnancov, kolegov \u010di klientov &#8211; \u00fa\u010dastn\u00edkov podujatia &#8211; vieme jednoducho odl\u00ed\u0161i\u0165 <strong>vodeodoln\u00fdmi pohodln\u00fdmi n\u00e1ramkami.<\/strong><\/p>\n<p>[\/vc_column_text][vc_row_inner equal_height=&#8220;yes&#8220;][vc_column_inner width=&#8220;1\/2&#8243;]<div class=\"standard-arrow bullet-top\"><ul>\n<li>Welcome bite &#8211; jednohubky, kanapky, tartaletky, chleb\u00ed\u010dky, miniburgr\u00edky, pag\u00e1\u010diky&#8230;<\/li>\n<li>Serv\u00edrovan\u00e9 jedl\u00e1, jedl\u00e1 v tepl\u00fdch pultoch, okienkov\u00fd v\u00fddaj&#8230;<\/li>\n<li>Zabezpe\u010d\u00edme dezerty &#8211; z\u00e1kusky, torty, kol\u00e1\u010de&#8230;<\/li>\n<li>Sl\u00e1vnostn\u00e9 ve\u010dere a rozmanit\u00e1 gastron\u00f3mia.<\/li>\n<\/ul>\n<\/div>[\/vc_column_inner][vc_column_inner width=&#8220;1\/2&#8243;]<div class=\"standard-arrow bullet-top\"><ul>\n<li>Welcome drink &#8211; d\u017e\u00fasik, prosecco s jahodou alebo nie\u010do tvrd\u0161ie.<\/li>\n<li>Pitn\u00fd re\u017eim pre ve\u013ek\u00e9 skupiny.<\/li>\n<li>Samoobslu\u017en\u00fd v\u00fd\u010dap na najob\u013e\u00fabenej\u0161ie n\u00e1poje.<\/li>\n<li>Individu\u00e1lne objedn\u00e1vky.<\/li>\n<li>Limitovan\u00fd spolo\u010dn\u00fd \u00fa\u010det alebo \u00fa\u010det pre VIP.<\/li>\n<\/ul>\n<\/div>[\/vc_column_inner][\/vc_row_inner][\/vc_column][\/vc_row][vc_row][vc_column css=&#8220;.vc_custom_1560778479070{padding-bottom: 50px !important;}&#8220;]<style type=\"text\/css\" data-type=\"the7_shortcodes-inline-css\">.shortcode-single-image-wrap.shortcode-single-image-dc6078e237cb4b4f93dc4bfb208042e7.enable-bg-rollover .rollover i,\n.shortcode-single-image-wrap.shortcode-single-image-dc6078e237cb4b4f93dc4bfb208042e7.enable-bg-rollover .rollover-video i {\n  background: -webkit-linear-gradient();\n  background: linear-gradient();\n}\n.shortcode-single-image-wrap.shortcode-single-image-dc6078e237cb4b4f93dc4bfb208042e7 .rollover-icon {\n  font-size: 32px;\n  color: #ffffff;\n  min-width: 44px;\n  min-height: 44px;\n  line-height: 44px;\n  border-radius: 100px;\n  border-style: solid;\n  border-width: 0px;\n}\n.dt-icon-bg-on.shortcode-single-image-wrap.shortcode-single-image-dc6078e237cb4b4f93dc4bfb208042e7 .rollover-icon {\n  background: rgba(255,255,255,0.3);\n  box-shadow: none;\n}<\/style><div class=\"shortcode-single-image-wrap shortcode-single-image-dc6078e237cb4b4f93dc4bfb208042e7 alignnone  enable-bg-rollover dt-icon-bg-off\" style=\"margin-top:0px; margin-bottom:0px; margin-left:0px; margin-right:0px; width:1600px;\"><div class=\"shortcode-single-image\"><div class=\"fancy-media-wrap  layzr-bg\" style=\"\"><img fetchpriority=\"high\" decoding=\"async\" class=\"preload-me lazy-load aspect\" src=\"data:image\/svg+xml,%3Csvg%20xmlns%3D&#39;http%3A%2F%2Fwww.w3.org%2F2000%2Fsvg&#39;%20viewBox%3D&#39;0%200%20703%20351&#39;%2F%3E\" data-src=\"https:\/\/www.kaskady.sk\/ehk\/wp-content\/uploads\/2025\/05\/stravovanie-703x351.jpg\" data-srcset=\"https:\/\/www.kaskady.sk\/ehk\/wp-content\/uploads\/2025\/05\/stravovanie-703x351.jpg 703w\" loading=\"eager\" sizes=\"(max-width: 703px) 100vw, 703px\" width=\"703\" height=\"351\"  data-dt-location=\"https:\/\/www.kaskady.sk\/ehk\/firmy-skupiny\/stravovanie\/stravovanie-2\/\" style=\"--ratio: 703 \/ 351;\" alt=\"\" \/><\/div><\/div><\/div>[\/vc_column][\/vc_row]<\/p>\n<\/div>","protected":false},"excerpt":{"rendered":"<p>[vc_row css=&#8220;.vc_custom_1560778311219{margin-bottom: -20px !important;}&#8220;][vc_column css=&#8220;.vc_custom_1560779090423{padding-bottom: 40px !important;}&#8220;][vc_column_text css=&#8220;&#8220;] Ponuku gastron\u00f3mie vieme prisp\u00f4sobi\u0165 na mieru Va\u0161im potreb\u00e1m. Od sl\u00e1vnostnej ve\u010dere a\u017e po opeka\u010dku, grilova\u010dku vo Va\u0161ich ruk\u00e1ch. Na niektor\u00e9 podujatia je vhodn\u00fd ob\u013e\u00faben\u00fd kompromis &#8211; nami pripraven\u00e1 grilova\u010dka pon\u00faknut\u00e1 v tepl\u00fdch pultoch &#8211; nem\u00e1te teda \u017eiadne starosti, o v\u0161etko sa postar\u00e1me&#8230; Inokedy je to serv\u00edrovan\u00e9 jedlo&hellip;<\/p>\n","protected":false},"author":3,"featured_media":3677,"parent":249,"menu_order":2,"comment_status":"closed","ping_status":"closed","template":"","meta":{"footnotes":""},"class_list":["post-1207","page","type-page","status-publish","has-post-thumbnail","hentry","description-off"],"yoast_head":"<!-- This site is optimized with the Yoast SEO plugin v27.4 - https:\/\/yoast.com\/product\/yoast-seo-wordpress\/ -->\n<title>Stravovanie pre firmy &amp; skupiny - EventHotel***\u00a0Kask\u00e1dy, Galanta<\/title>\n<meta name=\"robots\" content=\"index, follow, max-snippet:-1, max-image-preview:large, max-video-preview:-1\" \/>\n<link rel=\"canonical\" href=\"https:\/\/www.kaskady.sk\/ehk\/firmy-skupiny\/stravovanie\/\" \/>\n<meta property=\"og:locale\" content=\"sk_SK\" \/>\n<meta property=\"og:type\" content=\"article\" \/>\n<meta property=\"og:title\" content=\"Stravovanie pre firmy &amp; skupiny - EventHotel***\u00a0Kask\u00e1dy, Galanta\" \/>\n<meta property=\"og:description\" content=\"[vc_row css=&#8220;.vc_custom_1560778311219{margin-bottom: -20px !important;}&#8220;][vc_column css=&#8220;.vc_custom_1560779090423{padding-bottom: 40px !important;}&#8220;][vc_column_text css=&#8220;&#8220;] Ponuku gastron\u00f3mie vieme prisp\u00f4sobi\u0165 na mieru Va\u0161im potreb\u00e1m. Od sl\u00e1vnostnej ve\u010dere a\u017e po opeka\u010dku, grilova\u010dku vo Va\u0161ich ruk\u00e1ch. Na niektor\u00e9 podujatia je vhodn\u00fd ob\u013e\u00faben\u00fd kompromis &#8211; nami pripraven\u00e1 grilova\u010dka pon\u00faknut\u00e1 v tepl\u00fdch pultoch &#8211; nem\u00e1te teda \u017eiadne starosti, o v\u0161etko sa postar\u00e1me&#8230; Inokedy je to serv\u00edrovan\u00e9 jedlo&hellip;\" \/>\n<meta property=\"og:url\" content=\"https:\/\/www.kaskady.sk\/ehk\/firmy-skupiny\/stravovanie\/\" \/>\n<meta property=\"og:site_name\" content=\"EventHotel***\u00a0Kask\u00e1dy, Galanta\" \/>\n<meta property=\"article:modified_time\" content=\"2025-05-16T08:18:02+00:00\" \/>\n<meta property=\"og:image\" content=\"https:\/\/www.kaskady.sk\/ehk\/wp-content\/uploads\/2025\/05\/stravovanie.jpg\" \/>\n\t<meta property=\"og:image:width\" content=\"704\" \/>\n\t<meta property=\"og:image:height\" content=\"384\" \/>\n\t<meta property=\"og:image:type\" content=\"image\/jpeg\" \/>\n<meta name=\"twitter:card\" content=\"summary_large_image\" \/>\n<meta name=\"twitter:label1\" content=\"Predpokladan\u00fd \u010das \u010d\u00edtania\" \/>\n\t<meta name=\"twitter:data1\" content=\"2 min\u00faty\" \/>\n<script type=\"application\/ld+json\" class=\"yoast-schema-graph\">{\"@context\":\"https:\\\/\\\/schema.org\",\"@graph\":[{\"@type\":\"WebPage\",\"@id\":\"https:\\\/\\\/www.kaskady.sk\\\/ehk\\\/firmy-skupiny\\\/stravovanie\\\/\",\"url\":\"https:\\\/\\\/www.kaskady.sk\\\/ehk\\\/firmy-skupiny\\\/stravovanie\\\/\",\"name\":\"Stravovanie pre firmy & skupiny - EventHotel***\u00a0Kask\u00e1dy, Galanta\",\"isPartOf\":{\"@id\":\"https:\\\/\\\/www.kaskady.sk\\\/ehk\\\/#website\"},\"primaryImageOfPage\":{\"@id\":\"https:\\\/\\\/www.kaskady.sk\\\/ehk\\\/firmy-skupiny\\\/stravovanie\\\/#primaryimage\"},\"image\":{\"@id\":\"https:\\\/\\\/www.kaskady.sk\\\/ehk\\\/firmy-skupiny\\\/stravovanie\\\/#primaryimage\"},\"thumbnailUrl\":\"https:\\\/\\\/www.kaskady.sk\\\/ehk\\\/wp-content\\\/uploads\\\/2025\\\/05\\\/stravovanie.jpg\",\"datePublished\":\"2018-11-16T16:11:39+00:00\",\"dateModified\":\"2025-05-16T08:18:02+00:00\",\"breadcrumb\":{\"@id\":\"https:\\\/\\\/www.kaskady.sk\\\/ehk\\\/firmy-skupiny\\\/stravovanie\\\/#breadcrumb\"},\"inLanguage\":\"sk-SK\",\"potentialAction\":[{\"@type\":\"ReadAction\",\"target\":[\"https:\\\/\\\/www.kaskady.sk\\\/ehk\\\/firmy-skupiny\\\/stravovanie\\\/\"]}]},{\"@type\":\"ImageObject\",\"inLanguage\":\"sk-SK\",\"@id\":\"https:\\\/\\\/www.kaskady.sk\\\/ehk\\\/firmy-skupiny\\\/stravovanie\\\/#primaryimage\",\"url\":\"https:\\\/\\\/www.kaskady.sk\\\/ehk\\\/wp-content\\\/uploads\\\/2025\\\/05\\\/stravovanie.jpg\",\"contentUrl\":\"https:\\\/\\\/www.kaskady.sk\\\/ehk\\\/wp-content\\\/uploads\\\/2025\\\/05\\\/stravovanie.jpg\",\"width\":704,\"height\":384},{\"@type\":\"BreadcrumbList\",\"@id\":\"https:\\\/\\\/www.kaskady.sk\\\/ehk\\\/firmy-skupiny\\\/stravovanie\\\/#breadcrumb\",\"itemListElement\":[{\"@type\":\"ListItem\",\"position\":1,\"name\":\"Home\",\"item\":\"https:\\\/\\\/www.kaskady.sk\\\/ehk\\\/\"},{\"@type\":\"ListItem\",\"position\":2,\"name\":\"Firmy &#038; skupiny\",\"item\":\"https:\\\/\\\/www.kaskady.sk\\\/ehk\\\/firmy-skupiny\\\/\"},{\"@type\":\"ListItem\",\"position\":3,\"name\":\"Stravovanie pre firmy &#038; skupiny\"}]},{\"@type\":\"WebSite\",\"@id\":\"https:\\\/\\\/www.kaskady.sk\\\/ehk\\\/#website\",\"url\":\"https:\\\/\\\/www.kaskady.sk\\\/ehk\\\/\",\"name\":\"EventHotel***\u00a0Kask\u00e1dy, Galanta\",\"description\":\"Podujatia z\u00e1\u017eitkom.\",\"potentialAction\":[{\"@type\":\"SearchAction\",\"target\":{\"@type\":\"EntryPoint\",\"urlTemplate\":\"https:\\\/\\\/www.kaskady.sk\\\/ehk\\\/?s={search_term_string}\"},\"query-input\":{\"@type\":\"PropertyValueSpecification\",\"valueRequired\":true,\"valueName\":\"search_term_string\"}}],\"inLanguage\":\"sk-SK\"}]}<\/script>\n<!-- \/ Yoast SEO plugin. -->","yoast_head_json":{"title":"Stravovanie pre firmy & skupiny - EventHotel***\u00a0Kask\u00e1dy, Galanta","robots":{"index":"index","follow":"follow","max-snippet":"max-snippet:-1","max-image-preview":"max-image-preview:large","max-video-preview":"max-video-preview:-1"},"canonical":"https:\/\/www.kaskady.sk\/ehk\/firmy-skupiny\/stravovanie\/","og_locale":"sk_SK","og_type":"article","og_title":"Stravovanie pre firmy & skupiny - EventHotel***\u00a0Kask\u00e1dy, Galanta","og_description":"[vc_row css=&#8220;.vc_custom_1560778311219{margin-bottom: -20px !important;}&#8220;][vc_column css=&#8220;.vc_custom_1560779090423{padding-bottom: 40px !important;}&#8220;][vc_column_text css=&#8220;&#8220;] Ponuku gastron\u00f3mie vieme prisp\u00f4sobi\u0165 na mieru Va\u0161im potreb\u00e1m. Od sl\u00e1vnostnej ve\u010dere a\u017e po opeka\u010dku, grilova\u010dku vo Va\u0161ich ruk\u00e1ch. Na niektor\u00e9 podujatia je vhodn\u00fd ob\u013e\u00faben\u00fd kompromis &#8211; nami pripraven\u00e1 grilova\u010dka pon\u00faknut\u00e1 v tepl\u00fdch pultoch &#8211; nem\u00e1te teda \u017eiadne starosti, o v\u0161etko sa postar\u00e1me&#8230; Inokedy je to serv\u00edrovan\u00e9 jedlo&hellip;","og_url":"https:\/\/www.kaskady.sk\/ehk\/firmy-skupiny\/stravovanie\/","og_site_name":"EventHotel***\u00a0Kask\u00e1dy, Galanta","article_modified_time":"2025-05-16T08:18:02+00:00","og_image":[{"width":704,"height":384,"url":"https:\/\/www.kaskady.sk\/ehk\/wp-content\/uploads\/2025\/05\/stravovanie.jpg","type":"image\/jpeg"}],"twitter_card":"summary_large_image","twitter_misc":{"Predpokladan\u00fd \u010das \u010d\u00edtania":"2 min\u00faty"},"schema":{"@context":"https:\/\/schema.org","@graph":[{"@type":"WebPage","@id":"https:\/\/www.kaskady.sk\/ehk\/firmy-skupiny\/stravovanie\/","url":"https:\/\/www.kaskady.sk\/ehk\/firmy-skupiny\/stravovanie\/","name":"Stravovanie pre firmy & skupiny - EventHotel***\u00a0Kask\u00e1dy, Galanta","isPartOf":{"@id":"https:\/\/www.kaskady.sk\/ehk\/#website"},"primaryImageOfPage":{"@id":"https:\/\/www.kaskady.sk\/ehk\/firmy-skupiny\/stravovanie\/#primaryimage"},"image":{"@id":"https:\/\/www.kaskady.sk\/ehk\/firmy-skupiny\/stravovanie\/#primaryimage"},"thumbnailUrl":"https:\/\/www.kaskady.sk\/ehk\/wp-content\/uploads\/2025\/05\/stravovanie.jpg","datePublished":"2018-11-16T16:11:39+00:00","dateModified":"2025-05-16T08:18:02+00:00","breadcrumb":{"@id":"https:\/\/www.kaskady.sk\/ehk\/firmy-skupiny\/stravovanie\/#breadcrumb"},"inLanguage":"sk-SK","potentialAction":[{"@type":"ReadAction","target":["https:\/\/www.kaskady.sk\/ehk\/firmy-skupiny\/stravovanie\/"]}]},{"@type":"ImageObject","inLanguage":"sk-SK","@id":"https:\/\/www.kaskady.sk\/ehk\/firmy-skupiny\/stravovanie\/#primaryimage","url":"https:\/\/www.kaskady.sk\/ehk\/wp-content\/uploads\/2025\/05\/stravovanie.jpg","contentUrl":"https:\/\/www.kaskady.sk\/ehk\/wp-content\/uploads\/2025\/05\/stravovanie.jpg","width":704,"height":384},{"@type":"BreadcrumbList","@id":"https:\/\/www.kaskady.sk\/ehk\/firmy-skupiny\/stravovanie\/#breadcrumb","itemListElement":[{"@type":"ListItem","position":1,"name":"Home","item":"https:\/\/www.kaskady.sk\/ehk\/"},{"@type":"ListItem","position":2,"name":"Firmy &#038; skupiny","item":"https:\/\/www.kaskady.sk\/ehk\/firmy-skupiny\/"},{"@type":"ListItem","position":3,"name":"Stravovanie pre firmy &#038; skupiny"}]},{"@type":"WebSite","@id":"https:\/\/www.kaskady.sk\/ehk\/#website","url":"https:\/\/www.kaskady.sk\/ehk\/","name":"EventHotel***\u00a0Kask\u00e1dy, Galanta","description":"Podujatia z\u00e1\u017eitkom.","potentialAction":[{"@type":"SearchAction","target":{"@type":"EntryPoint","urlTemplate":"https:\/\/www.kaskady.sk\/ehk\/?s={search_term_string}"},"query-input":{"@type":"PropertyValueSpecification","valueRequired":true,"valueName":"search_term_string"}}],"inLanguage":"sk-SK"}]}},"_links":{"self":[{"href":"https:\/\/www.kaskady.sk\/ehk\/wp-json\/wp\/v2\/pages\/1207","targetHints":{"allow":["GET"]}}],"collection":[{"href":"https:\/\/www.kaskady.sk\/ehk\/wp-json\/wp\/v2\/pages"}],"about":[{"href":"https:\/\/www.kaskady.sk\/ehk\/wp-json\/wp\/v2\/types\/page"}],"author":[{"embeddable":true,"href":"https:\/\/www.kaskady.sk\/ehk\/wp-json\/wp\/v2\/users\/3"}],"replies":[{"embeddable":true,"href":"https:\/\/www.kaskady.sk\/ehk\/wp-json\/wp\/v2\/comments?post=1207"}],"version-history":[{"count":6,"href":"https:\/\/www.kaskady.sk\/ehk\/wp-json\/wp\/v2\/pages\/1207\/revisions"}],"predecessor-version":[{"id":4180,"href":"https:\/\/www.kaskady.sk\/ehk\/wp-json\/wp\/v2\/pages\/1207\/revisions\/4180"}],"up":[{"embeddable":true,"href":"https:\/\/www.kaskady.sk\/ehk\/wp-json\/wp\/v2\/pages\/249"}],"wp:featuredmedia":[{"embeddable":true,"href":"https:\/\/www.kaskady.sk\/ehk\/wp-json\/wp\/v2\/media\/3677"}],"wp:attachment":[{"href":"https:\/\/www.kaskady.sk\/ehk\/wp-json\/wp\/v2\/media?parent=1207"}],"curies":[{"name":"wp","href":"https:\/\/api.w.org\/{rel}","templated":true}]}}